{"id":25,"date":"2025-03-25T19:27:09","date_gmt":"2025-03-25T18:27:09","guid":{"rendered":"https:\/\/christinelebon.com\/?page_id=25"},"modified":"2025-03-25T19:27:09","modified_gmt":"2025-03-25T18:27:09","slug":"accueil-et-dates","status":"publish","type":"page","link":"https:\/\/christinelebon.com\/","title":{"rendered":"Accueil et dates"},"content":{"rendered":"\n<p>Bienvenue ! <\/p>\n\n\n\n<p>Vous trouverez ici les diff\u00e9rentes rubriques du site, ainsi que les prochaines dates de d\u00e9dicaces.<\/p>\n\n\n\n<figure class=\"wp-block-image size-large\"><img loading=\"lazy\" decoding=\"async\" width=\"1024\" height=\"768\" src=\"https:\/\/christinelebon.com\/wp-content\/uploads\/2025\/03\/IMG_1891-1024x768.jpeg\" alt=\"\" class=\"wp-image-26\" srcset=\"https:\/\/christinelebon.com\/wp-content\/uploads\/2025\/03\/IMG_1891-1024x768.jpeg 1024w, https:\/\/christinelebon.com\/wp-content\/uploads\/2025\/03\/IMG_1891-300x225.jpeg 300w, https:\/\/christinelebon.com\/wp-content\/uploads\/2025\/03\/IMG_1891-768x576.jpeg 768w, https:\/\/christinelebon.com\/wp-content\/uploads\/2025\/03\/IMG_1891-1536x1152.jpeg 1536w, https:\/\/christinelebon.com\/wp-content\/uploads\/2025\/03\/IMG_1891-2048x1536.jpeg 2048w, https:\/\/christinelebon.com\/wp-content\/uploads\/2025\/03\/IMG_1891-1140x855.jpeg 1140w\" sizes=\"auto, (max-width: 1024px) 100vw, 1024px\" \/><\/figure>\n\n\n\n<h2 class=\"wp-block-heading\">S\u00e9ances de d\u00e9dicaces<\/h2>\n\n\n\n<p>Samedi 29 mars \u00e0 l\u2019Espace culturel Leclerc de Saint-Leu : Le Portail<\/p>\n","protected":false},"excerpt":{"rendered":"<p>Bienvenue ! Vous trouverez ici les diff\u00e9rentes rubriques du site, ainsi que les prochaines dates de d\u00e9dicaces. S\u00e9ances de d\u00e9dicaces Samedi 29 mars \u00e0 l\u2019Espace culturel Leclerc de Saint-Leu : Le Portail<\/p>\n","protected":false},"author":1,"featured_media":0,"parent":0,"menu_order":0,"comment_status":"closed","ping_status":"closed","template":"","meta":{"footnotes":""},"class_list":["post-25","page","type-page","status-publish","hentry"],"_links":{"self":[{"href":"https:\/\/christinelebon.com\/index.php\/wp-json\/wp\/v2\/pages\/25","targetHints":{"allow":["GET"]}}],"collection":[{"href":"https:\/\/christinelebon.com\/index.php\/wp-json\/wp\/v2\/pages"}],"about":[{"href":"https:\/\/christinelebon.com\/index.php\/wp-json\/wp\/v2\/types\/page"}],"author":[{"embeddable":true,"href":"https:\/\/christinelebon.com\/index.php\/wp-json\/wp\/v2\/users\/1"}],"replies":[{"embeddable":true,"href":"https:\/\/christinelebon.com\/index.php\/wp-json\/wp\/v2\/comments?post=25"}],"version-history":[{"count":1,"href":"https:\/\/christinelebon.com\/index.php\/wp-json\/wp\/v2\/pages\/25\/revisions"}],"predecessor-version":[{"id":27,"href":"https:\/\/christinelebon.com\/index.php\/wp-json\/wp\/v2\/pages\/25\/revisions\/27"}],"wp:attachment":[{"href":"https:\/\/christinelebon.com\/index.php\/wp-json\/wp\/v2\/media?parent=25"}],"curies":[{"name":"wp","href":"https:\/\/api.w.org\/{rel}","templated":true}]}}